{"id":28,"date":"2024-07-21T14:05:06","date_gmt":"2024-07-21T14:05:06","guid":{"rendered":"https:\/\/muntean.md\/?page_id=28"},"modified":"2024-09-26T15:22:28","modified_gmt":"2024-09-26T15:22:28","slug":"calculator","status":"publish","type":"page","link":"https:\/\/muntean.md\/?page_id=28","title":{"rendered":"Calculator"},"content":{"rendered":"\t\t<div data-elementor-type=\"wp-page\" data-elementor-id=\"28\" class=\"elementor elementor-28\" data-elementor-post-type=\"page\">\n\t\t\t\t\t\t<section class=\"elementor-section elementor-top-section elementor-element elementor-element-6e12928 elementor-section-stretched elementor-section-boxed elementor-section-height-default elementor-section-height-default\" data-id=\"6e12928\" data-element_type=\"section\" data-settings=\"{&quot;background_background&quot;:&quot;classic&quot;,&quot;stretch_section&quot;:&quot;section-stretched&quot;}\">\n\t\t\t\t\t\t\t<div class=\"elementor-background-overlay\"><\/div>\n\t\t\t\t\t\t\t<div class=\"elementor-container elementor-column-gap-default\">\n\t\t\t\t\t<div class=\"elementor-column elementor-col-100 elementor-top-column elementor-element elementor-element-2161f9\" data-id=\"2161f9\" data-element_type=\"column\">\n\t\t\t<div class=\"elementor-widget-wrap elementor-element-populated\">\n\t\t\t\t\t\t<section class=\"elementor-section elementor-top-section elementor-element elementor-element-63f9a21c elementor-section-boxed elementor-section-height-default elementor-section-height-default\" data-id=\"63f9a21c\" data-element_type=\"section\" data-settings=\"{&quot;background_background&quot;:&quot;classic&quot;}\">\n\t\t\t\t\t\t<div class=\"elementor-container elementor-column-gap-no\">\n\t\t\t\t\t<div class=\"elementor-column elementor-col-100 elementor-top-column elementor-element elementor-element-1b1d8531\" data-id=\"1b1d8531\" data-element_type=\"column\">\n\t\t\t<div class=\"elementor-widget-wrap elementor-element-populated\">\n\t\t\t\t\t\t<div class=\"elementor-element elementor-element-41768567 elementor-widget elementor-widget-heading\" data-id=\"41768567\" data-element_type=\"widget\" data-widget_type=\"heading.default\">\n\t\t\t\t<div class=\"elementor-widget-container\">\n\t\t\t\t\t<h2 class=\"elementor-heading-title elementor-size-default\">CALCULATOR<\/h2>\t\t\t\t<\/div>\n\t\t\t\t<\/div>\n\t\t\t\t<div class=\"elementor-element elementor-element-31109311 elementor-widget elementor-widget-text-editor\" data-id=\"31109311\" data-element_type=\"widget\" data-widget_type=\"text-editor.default\">\n\t\t\t\t<div class=\"elementor-widget-container\">\n\t\t\t\t\t\t\t\t\t<p>Ne quis mediocrem sit, dolor reprimique nec id, quo no scaevola vituperata.\u00a0<\/p>\t\t\t\t\t\t\t\t<\/div>\n\t\t\t\t<\/div>\n\t\t\t\t\t<\/div>\n\t\t<\/div>\n\t\t\t\t\t<\/div>\n\t\t<\/section>\n\t\t\t\t<section class=\"elementor-section elementor-inner-section elementor-element elementor-element-2521876d elementor-section-boxed elementor-section-height-default elementor-section-height-default\" data-id=\"2521876d\" data-element_type=\"section\">\n\t\t\t\t\t\t<div class=\"elementor-container elementor-column-gap-default\">\n\t\t\t\t\t<div class=\"elementor-column elementor-col-100 elementor-inner-column elementor-element elementor-element-2a4a06f7\" data-id=\"2a4a06f7\" data-element_type=\"column\" data-settings=\"{&quot;background_background&quot;:&quot;classic&quot;}\">\n\t\t\t<div class=\"elementor-widget-wrap elementor-element-populated\">\n\t\t\t\t\t\t<div class=\"elementor-element elementor-element-18f83b7a elementor-widget elementor-widget-heading\" data-id=\"18f83b7a\" data-element_type=\"widget\" data-widget_type=\"heading.default\">\n\t\t\t\t<div class=\"elementor-widget-container\">\n\t\t\t\t\t<h2 class=\"elementor-heading-title elementor-size-default\">Sub heading<\/h2>\t\t\t\t<\/div>\n\t\t\t\t<\/div>\n\t\t\t\t<div class=\"elementor-element elementor-element-4586872 elementor-widget elementor-widget-ucaddon_number_field\" data-id=\"4586872\" data-element_type=\"widget\" data-widget_type=\"ucaddon_number_field.default\">\n\t\t\t\t<div class=\"elementor-widget-container\">\n\t\t\t\t\t\n<!-- start Number Field -->\n\t\t<link id='font-awesome-css' href='https:\/\/muntean.md\/wp-content\/plugins\/unlimited-elements-for-elementor-premium\/assets_libraries\/font-awesome6\/fontawesome-all.min.css' type='text\/css' rel='stylesheet' >\n\t\t<link id='font-awesome-4-shim-css' href='https:\/\/muntean.md\/wp-content\/plugins\/unlimited-elements-for-elementor-premium\/assets_libraries\/font-awesome6\/fontawesome-v4-shims.min.css' type='text\/css' rel='stylesheet' >\n\n<style>\/* widget: Number Field *\/\n\n#uc_number_field_elementor_4586872.ucform-has-conditions{\n\tdisplay: none;\n}\n\n\n#uc_number_field_elementor_4586872 .ue-num-label-wrapper{\n  display:flex;\n  width: 100%;\n}\n#uc_number_field_elementor_4586872 .ue-number-field-wrapper{\n  display:flex;\n  align-items: center;\n  }\n\n#uc_number_field_elementor_4586872 .ue-number-field-holder{\n  overflow:hidden;\n  display:flex;\n  align-items: center;\n  width:100%;\n}\n#uc_number_field_elementor_4586872 .ue-number-label{\n  flex-shrink: 0;\n  flex-grow: 1;\n}\n#uc_number_field_elementor_4586872 .ue-number-desc-wrapper{\n  display:flex;\n  width: 100%;\n}\n#uc_number_field_elementor_4586872 .ue-number-field-descr{\n  flex-shrink: 1;\n  flex-grow: 1;\n  width:100%;  }\n\n#uc_number_field_elementor_4586872 input{\n  height:100%;\n  width: 100%;\n  border-radius:0;\n}\n#uc_number_field_elementor_4586872 .ue-number-formula{\n\tdisplay: none;\n}\n#uc_number_field_elementor_4586872 .ue-incr-btn svg{\n  width:1em;\n  height:1em;\n}\n\n  #uc_number_field_elementor_4586872 .ue-number-field-before-text,  #uc_number_field_elementor_4586872 .ue-number-field-after-text {\n    display: flex;\n    align-items: center;\n    height:100%;\n    min-width: fit-content;\n  }\n\n#uc_number_field_elementor_4586872 input[type=\"number\"]::-webkit-inner-spin-button,\n#uc_number_field_elementor_4586872 input[type=\"number\"]::-webkit-outer-spin-button {\n  -webkit-appearance: none;\n  display:none;\n  margin: 0;\n}\n\n#uc_number_field_elementor_4586872 .debug-wrapper{\n  background-color:#ffbdbd;\n  margin-bottom:10px;\n}\n#uc_number_field_elementor_4586872 .ue-number-error{\n\tcolor: #202020;\n  \tfont-size: 14px;\n  \tfont-weight: 600;\n  \tdisplay: none;\n    padding: 5px 15px 5px 15px;\n}\n\n\n#uc_number_field_elementor_4586872 .debug-wrapper{\n  display:none;\n}\n#uc_number_field_elementor_4586872 .debug-wrapper.ue_error_true{\n  display:block;\n}\n\n#uc_number_field_elementor_4586872 input{\n  max-width: unset;\n}\n\n\n#uc_number_field_elementor_4586872 .ue-number-field-required{\n  line-height: 1;\n}\n\n<\/style>\n\n<div id=\"uc_number_field_elementor_4586872\" class=\"ue-number \">\n \n  <div class=\"debug-wrapper\">\n     <div class=\"ue-number-error\"><\/div> \n       <\/div>\n  \n  <div class=\"ue-num-label-wrapper\">\n    \n    <label class=\"ue-number-label\" for=\"number-field-uc_number_field_elementor_4586872\">Suma solicitat\u0103<\/label>    \n    <div class=\"ue-number-desc-wrapper\">\n      <div class=\"ue-number-field-wrapper\">\n        \n            \n        <div class=\"ue-number-field-holder\">\n          \n                    \n          <input type=\"number\"\n             id=\"number-field-uc_number_field_elementor_4586872\"\n             class=\"ue-number-field ue-input-field\"\n             name=\"sum\" \n             step=\"\"\n             value=\"1000\" \n             min=\"0\" \n             max=\"\"\n             data-calc-mode=\"false\"             data-formula=\"\"\n             data-debug=\"false\" \n             data-readonly=\"false\"\n             data-format=\"fractional\"\n             data-char-num=\"2\"\n             data-show-inc-buttons=\"false\"\n             data-editor=\"no\"\n             data-remove-readonly-for-calc-mode=\"false\"\n             data-lookup-table=\"false\"\n             data-field-name-x=\"\"\n             data-field-name-y=\"\"    \n             data-csv=\"\"\n             data-max-error=\"&#x20;Error&#x3A;&#x20;number&#x20;is&#x20;grater&#x20;then&#x20;maximum.\"\n             data-min-error=\"&#x20;Error&#x3A;&#x20;number&#x20;is&#x20;less&#x20;then&#x20;minimum.\"\n             data-digits-error=\"&#x20;Error&#x3A;&#x20;number&#x20;of&#x20;digits&#x20;less&#x20;then&#x20;required.\"\n             data-dot-instead-coma=\"false\"\n             data-separate-thousands=\"false\"\n             data-separate-thousands-format=\"en-US\" \n             data-date-mode=\"false\"\n             data-limit-digits=\"false\"\n             data-digits-num=\"10\"    \n              >    \n          \n          <div class=\"ue-number-field-after-text\">MDL<\/div>          \n        <\/div>\n    \n                \n      <\/div>\n      \n            \n    <\/div>\n  <\/div>\n<\/div>\n<!-- end Number Field -->\t\t\t\t<\/div>\n\t\t\t\t<\/div>\n\t\t\t\t<div class=\"elementor-element elementor-element-5986b5b elementor-widget elementor-widget-ucaddon_number_field\" data-id=\"5986b5b\" data-element_type=\"widget\" data-widget_type=\"ucaddon_number_field.default\">\n\t\t\t\t<div class=\"elementor-widget-container\">\n\t\t\t\t\t\n<!-- start Number Field -->\n\n<style>\/* widget: Number Field *\/\n\n#uc_number_field_elementor_5986b5b.ucform-has-conditions{\n\tdisplay: none;\n}\n\n\n#uc_number_field_elementor_5986b5b .ue-num-label-wrapper{\n  display:flex;\n  width: 100%;\n}\n#uc_number_field_elementor_5986b5b .ue-number-field-wrapper{\n  display:flex;\n  align-items: center;\n  }\n\n#uc_number_field_elementor_5986b5b .ue-number-field-holder{\n  overflow:hidden;\n  display:flex;\n  align-items: center;\n  width:100%;\n}\n#uc_number_field_elementor_5986b5b .ue-number-label{\n  flex-shrink: 0;\n  flex-grow: 1;\n}\n#uc_number_field_elementor_5986b5b .ue-number-desc-wrapper{\n  display:flex;\n  width: 100%;\n}\n#uc_number_field_elementor_5986b5b .ue-number-field-descr{\n  flex-shrink: 1;\n  flex-grow: 1;\n  width:100%;  }\n\n#uc_number_field_elementor_5986b5b input{\n  height:100%;\n  width: 100%;\n  border-radius:0;\n}\n#uc_number_field_elementor_5986b5b .ue-number-formula{\n\tdisplay: none;\n}\n#uc_number_field_elementor_5986b5b .ue-incr-btn svg{\n  width:1em;\n  height:1em;\n}\n\n  #uc_number_field_elementor_5986b5b .ue-number-field-before-text,  #uc_number_field_elementor_5986b5b .ue-number-field-after-text {\n    display: flex;\n    align-items: center;\n    height:100%;\n    min-width: fit-content;\n  }\n\n#uc_number_field_elementor_5986b5b input[type=\"number\"]::-webkit-inner-spin-button,\n#uc_number_field_elementor_5986b5b input[type=\"number\"]::-webkit-outer-spin-button {\n  -webkit-appearance: none;\n  display:none;\n  margin: 0;\n}\n\n#uc_number_field_elementor_5986b5b .debug-wrapper{\n  background-color:#ffbdbd;\n  margin-bottom:10px;\n}\n#uc_number_field_elementor_5986b5b .ue-number-error{\n\tcolor: #202020;\n  \tfont-size: 14px;\n  \tfont-weight: 600;\n  \tdisplay: none;\n    padding: 5px 15px 5px 15px;\n}\n\n\n#uc_number_field_elementor_5986b5b .debug-wrapper{\n  display:none;\n}\n#uc_number_field_elementor_5986b5b .debug-wrapper.ue_error_true{\n  display:block;\n}\n\n#uc_number_field_elementor_5986b5b input{\n  max-width: unset;\n}\n\n\n#uc_number_field_elementor_5986b5b .ue-number-field-required{\n  line-height: 1;\n}\n\n<\/style>\n\n<div id=\"uc_number_field_elementor_5986b5b\" class=\"ue-number \">\n \n  <div class=\"debug-wrapper\">\n     <div class=\"ue-number-error\"><\/div> \n       <\/div>\n  \n  <div class=\"ue-num-label-wrapper\">\n    \n    <label class=\"ue-number-label\" for=\"number-field-uc_number_field_elementor_5986b5b\">Perioada<\/label>    \n    <div class=\"ue-number-desc-wrapper\">\n      <div class=\"ue-number-field-wrapper\">\n        \n            \n        <div class=\"ue-number-field-holder\">\n          \n                    \n          <input type=\"number\"\n             id=\"number-field-uc_number_field_elementor_5986b5b\"\n             class=\"ue-number-field ue-input-field\"\n             name=\"period\" \n             step=\"\"\n             value=\"12\" \n             min=\"1\" \n             max=\"60\"\n             data-calc-mode=\"false\"             data-formula=\"\"\n             data-debug=\"false\" \n             data-readonly=\"false\"\n             data-format=\"fractional\"\n             data-char-num=\"2\"\n             data-show-inc-buttons=\"false\"\n             data-editor=\"no\"\n             data-remove-readonly-for-calc-mode=\"false\"\n             data-lookup-table=\"false\"\n             data-field-name-x=\"\"\n             data-field-name-y=\"\"    \n             data-csv=\"\"\n             data-max-error=\"&#x20;Error&#x3A;&#x20;number&#x20;is&#x20;grater&#x20;then&#x20;maximum.\"\n             data-min-error=\"&#x20;Error&#x3A;&#x20;number&#x20;is&#x20;less&#x20;then&#x20;minimum.\"\n             data-digits-error=\"&#x20;Error&#x3A;&#x20;number&#x20;of&#x20;digits&#x20;less&#x20;then&#x20;required.\"\n             data-dot-instead-coma=\"false\"\n             data-separate-thousands=\"false\"\n             data-separate-thousands-format=\"en-US\" \n             data-date-mode=\"false\"\n             data-limit-digits=\"false\"\n             data-digits-num=\"10\"    \n              >    \n          \n          <div class=\"ue-number-field-after-text\">LUNI<\/div>          \n        <\/div>\n    \n                \n      <\/div>\n      \n            \n    <\/div>\n  <\/div>\n<\/div>\n<!-- end Number Field -->\t\t\t\t<\/div>\n\t\t\t\t<\/div>\n\t\t\t\t<div class=\"elementor-element elementor-element-037d4c2 elementor-widget elementor-widget-ucaddon_number_field\" data-id=\"037d4c2\" data-element_type=\"widget\" data-widget_type=\"ucaddon_number_field.default\">\n\t\t\t\t<div class=\"elementor-widget-container\">\n\t\t\t\t\t\n<!-- start Number Field -->\n\n<style>\/* widget: Number Field *\/\n\n#uc_number_field_elementor_037d4c2.ucform-has-conditions{\n\tdisplay: none;\n}\n\n\n#uc_number_field_elementor_037d4c2 .ue-num-label-wrapper{\n  display:flex;\n  width: 100%;\n}\n#uc_number_field_elementor_037d4c2 .ue-number-field-wrapper{\n  display:flex;\n  align-items: center;\n  }\n\n#uc_number_field_elementor_037d4c2 .ue-number-field-holder{\n  overflow:hidden;\n  display:flex;\n  align-items: center;\n  width:100%;\n}\n#uc_number_field_elementor_037d4c2 .ue-number-label{\n  flex-shrink: 0;\n  flex-grow: 1;\n}\n#uc_number_field_elementor_037d4c2 .ue-number-desc-wrapper{\n  display:flex;\n  width: 100%;\n}\n#uc_number_field_elementor_037d4c2 .ue-number-field-descr{\n  flex-shrink: 1;\n  flex-grow: 1;\n  width:100%;  }\n\n#uc_number_field_elementor_037d4c2 input{\n  height:100%;\n  width: 100%;\n  border-radius:0;\n}\n#uc_number_field_elementor_037d4c2 .ue-number-formula{\n\tdisplay: none;\n}\n#uc_number_field_elementor_037d4c2 .ue-incr-btn svg{\n  width:1em;\n  height:1em;\n}\n\n  #uc_number_field_elementor_037d4c2 .ue-number-field-before-text,  #uc_number_field_elementor_037d4c2 .ue-number-field-after-text {\n    display: flex;\n    align-items: center;\n    height:100%;\n    min-width: fit-content;\n  }\n\n#uc_number_field_elementor_037d4c2 input[type=\"number\"]::-webkit-inner-spin-button,\n#uc_number_field_elementor_037d4c2 input[type=\"number\"]::-webkit-outer-spin-button {\n  -webkit-appearance: none;\n  display:none;\n  margin: 0;\n}\n\n#uc_number_field_elementor_037d4c2 .debug-wrapper{\n  background-color:#ffbdbd;\n  margin-bottom:10px;\n}\n#uc_number_field_elementor_037d4c2 .ue-number-error{\n\tcolor: #202020;\n  \tfont-size: 14px;\n  \tfont-weight: 600;\n  \tdisplay: none;\n    padding: 5px 15px 5px 15px;\n}\n\n\t#number-field-uc_number_field_elementor_037d4c2{\n\t  -webkit-appearance: none;\n       -moz-appearance: textfield;\n    }\n\n#uc_number_field_elementor_037d4c2 .debug-wrapper{\n  display:none;\n}\n#uc_number_field_elementor_037d4c2 .debug-wrapper.ue_error_true{\n  display:block;\n}\n\n#uc_number_field_elementor_037d4c2 input{\n  max-width: unset;\n}\n\n\n#uc_number_field_elementor_037d4c2 .ue-number-field-required{\n  line-height: 1;\n}\n\n<\/style>\n\n<div id=\"uc_number_field_elementor_037d4c2\" class=\"ue-number \">\n \n  <div class=\"debug-wrapper\">\n     <div class=\"ue-number-error\"><\/div> \n     <div class=\"ue-number-formula\">[sum]*[period]<\/div>  <\/div>\n  \n  <div class=\"ue-num-label-wrapper\">\n    \n    <label class=\"ue-number-label\" for=\"number-field-uc_number_field_elementor_037d4c2\">Plat\u0103 lunar\u0103<\/label>    \n    <div class=\"ue-number-desc-wrapper\">\n      <div class=\"ue-number-field-wrapper\">\n        \n            \n        <div class=\"ue-number-field-holder\">\n          \n                    \n          <input type=\"number\"\n             id=\"number-field-uc_number_field_elementor_037d4c2\"\n             class=\"ue-number-field ue-input-field\"\n             name=\"result\" \n             step=\"\"\n             value=\"1000\" \n             min=\"0\" \n             max=\"\"\n             data-calc-mode=\"true\"             data-formula=\"&#x5B;sum&#x5D;&#x2A;&#x5B;period&#x5D;\"\n             data-debug=\"false\" \n             data-readonly=\"false\"\n             data-format=\"fractional\"\n             data-char-num=\"2\"\n             data-show-inc-buttons=\"false\"\n             data-editor=\"no\"\n             data-remove-readonly-for-calc-mode=\"false\"\n             data-lookup-table=\"false\"\n             data-field-name-x=\"\"\n             data-field-name-y=\"\"    \n             data-csv=\"\"\n             data-max-error=\"&#x20;Error&#x3A;&#x20;number&#x20;is&#x20;grater&#x20;then&#x20;maximum.\"\n             data-min-error=\"&#x20;Error&#x3A;&#x20;number&#x20;is&#x20;less&#x20;then&#x20;minimum.\"\n             data-digits-error=\"&#x20;Error&#x3A;&#x20;number&#x20;of&#x20;digits&#x20;less&#x20;then&#x20;required.\"\n             data-dot-instead-coma=\"false\"\n             data-separate-thousands=\"false\"\n             data-separate-thousands-format=\"en-US\" \n             data-date-mode=\"false\"\n             data-limit-digits=\"false\"\n             data-digits-num=\"10\"    \n              >    \n          \n          <div class=\"ue-number-field-after-text\">MDL<\/div>          \n        <\/div>\n    \n                \n      <\/div>\n      \n            \n    <\/div>\n  <\/div>\n<\/div>\n<!-- end Number Field -->\t\t\t\t<\/div>\n\t\t\t\t<\/div>\n\t\t\t\t<div class=\"elementor-element elementor-element-3fc85e2f elementor-tablet-align-center elementor-align-center elementor-widget elementor-widget-button\" data-id=\"3fc85e2f\" data-element_type=\"widget\" data-widget_type=\"button.default\">\n\t\t\t\t<div class=\"elementor-widget-container\">\n\t\t\t\t\t\t\t\t\t<div class=\"elementor-button-wrapper\">\n\t\t\t\t\t<a class=\"elementor-button elementor-button-link elementor-size-sm\" href=\"#\">\n\t\t\t\t\t\t<span class=\"elementor-button-content-wrapper\">\n\t\t\t\t\t\t<span class=\"elementor-button-icon\">\n\t\t\t\t<svg aria-hidden=\"true\" class=\"e-font-icon-svg e-fas-caret-right\" viewBox=\"0 0 192 512\" xmlns=\"http:\/\/www.w3.org\/2000\/svg\"><path d=\"M0 384.662V127.338c0-17.818 21.543-26.741 34.142-14.142l128.662 128.662c7.81 7.81 7.81 20.474 0 28.284L34.142 398.804C21.543 411.404 0 402.48 0 384.662z\"><\/path><\/svg>\t\t\t<\/span>\n\t\t\t\t\t\t\t\t\t<span class=\"elementor-button-text\">Show More<\/span>\n\t\t\t\t\t<\/span>\n\t\t\t\t\t<\/a>\n\t\t\t\t<\/div>\n\t\t\t\t\t\t\t\t<\/div>\n\t\t\t\t<\/div>\n\t\t\t\t\t<\/div>\n\t\t<\/div>\n\t\t\t\t\t<\/div>\n\t\t<\/section>\n\t\t\t\t\t<\/div>\n\t\t<\/div>\n\t\t\t\t\t<\/div>\n\t\t<\/section>\n\t\t\t\t<\/div>\n\t\t","protected":false},"excerpt":{"rendered":"<p>CALCULATOR Ne quis mediocrem sit, dolor reprimique nec id, quo no scaevola vituperata.\u00a0 Sub heading Suma solicitat\u0103 MDL Perioada LUNI [sum]*[period] Plat\u0103 lunar\u0103 MDL Show More<\/p>\n","protected":false},"author":1,"featured_media":0,"parent":0,"menu_order":0,"comment_status":"closed","ping_status":"closed","template":"elementor_header_footer","meta":{"footnotes":""},"class_list":["post-28","page","type-page","status-publish","hentry"],"_links":{"self":[{"href":"https:\/\/muntean.md\/index.php?rest_route=\/wp\/v2\/pages\/28"}],"collection":[{"href":"https:\/\/muntean.md\/index.php?rest_route=\/wp\/v2\/pages"}],"about":[{"href":"https:\/\/muntean.md\/index.php?rest_route=\/wp\/v2\/types\/page"}],"author":[{"embeddable":true,"href":"https:\/\/muntean.md\/index.php?rest_route=\/wp\/v2\/users\/1"}],"replies":[{"embeddable":true,"href":"https:\/\/muntean.md\/index.php?rest_route=%2Fwp%2Fv2%2Fcomments&post=28"}],"version-history":[{"count":10,"href":"https:\/\/muntean.md\/index.php?rest_route=\/wp\/v2\/pages\/28\/revisions"}],"predecessor-version":[{"id":270,"href":"https:\/\/muntean.md\/index.php?rest_route=\/wp\/v2\/pages\/28\/revisions\/270"}],"wp:attachment":[{"href":"https:\/\/muntean.md\/index.php?rest_route=%2Fwp%2Fv2%2Fmedia&parent=28"}],"curies":[{"name":"wp","href":"https:\/\/api.w.org\/{rel}","templated":true}]}}